{"id":9,"date":"2015-11-03T13:55:12","date_gmt":"2015-11-03T12:55:12","guid":{"rendered":"http:\/\/toto.mkv.kau.se\/s\/wpgrupp01\/?page_id=9"},"modified":"2016-04-08T11:25:46","modified_gmt":"2016-04-08T09:25:46","slug":"intresseanmalan","status":"publish","type":"page","link":"https:\/\/solen.org\/index.php\/intresseanmalan\/","title":{"rendered":"Intresseanm\u00e4lan"},"content":{"rendered":"<div role=\"form\" class=\"wpcf7\" id=\"wpcf7-f52-o1\" lang=\"sv-SE\" dir=\"ltr\">\n<div class=\"screen-reader-response\"><p role=\"status\" aria-live=\"polite\" aria-atomic=\"true\"><\/p> <ul><\/ul><\/div>\n<form action=\"\/index.php\/wp-json\/wp\/v2\/pages\/9#wpcf7-f52-o1\" method=\"post\" class=\"wpcf7-form init\" novalidate=\"novalidate\" data-status=\"init\">\n<div style=\"display: none;\">\n<input type=\"hidden\" name=\"_wpcf7\" value=\"52\" \/>\n<input type=\"hidden\" name=\"_wpcf7_version\" value=\"5.5.3\" \/>\n<input type=\"hidden\" name=\"_wpcf7_locale\" value=\"sv_SE\" \/>\n<input type=\"hidden\" name=\"_wpcf7_unit_tag\" value=\"wpcf7-f52-o1\" \/>\n<input type=\"hidden\" name=\"_wpcf7_container_post\" value=\"0\" \/>\n<input type=\"hidden\" name=\"_wpcf7_posted_data_hash\" value=\"\" \/>\n<\/div>\n<p><strong>Barnets namn* <\/strong><br \/>\n    <span class=\"wpcf7-form-control-wrap child-name\"><input type=\"text\" name=\"child-name\" value=\"\" size=\"40\" class=\"wpcf7-form-control wpcf7-text wpcf7-validates-as-required\" aria-required=\"true\" aria-invalid=\"false\" \/><\/span> <\/p>\n<p>Barnets f\u00f6delsedatum* <br \/>\n<span class=\"wpcf7-form-control-wrap childs-birthday\"><input type=\"date\" name=\"childs-birthday\" value=\"\" class=\"wpcf7-form-control wpcf7-date wpcf7-validates-as-required wpcf7-validates-as-date\" id=\"childs-birth\" min=\"2016-01-01\" aria-required=\"true\" aria-invalid=\"false\" \/><\/span>\n<\/p>\n<p><strong>V\u00e5rdnadshavares namn* <\/strong><br \/>\n<span class=\"wpcf7-form-control-wrap legal-guardian\"><input type=\"text\" name=\"legal-guardian\" value=\"\" size=\"40\" class=\"wpcf7-form-control wpcf7-text wpcf7-validates-as-required\" aria-required=\"true\" aria-invalid=\"false\" \/><\/span><br \/>\n<\/P><\/p>\n<p>Telefon*<br \/>\n<span class=\"wpcf7-form-control-wrap phone\"><input type=\"text\" name=\"phone\" value=\"\" size=\"40\" class=\"wpcf7-form-control wpcf7-text wpcf7-validates-as-required\" aria-required=\"true\" aria-invalid=\"false\" \/><\/span>\n<\/p>\n<p>E-post* <br \/>\n    <span class=\"wpcf7-form-control-wrap your-email\"><input type=\"email\" name=\"your-email\" value=\"\" size=\"40\" class=\"wpcf7-form-control wpcf7-text wpcf7-email wpcf7-validates-as-required wpcf7-validates-as-email\" aria-required=\"true\" aria-invalid=\"false\" \/><\/span> <\/p>\n<p>Gata*<br \/>\n<span class=\"wpcf7-form-control-wrap gata\"><input type=\"text\" name=\"gata\" value=\"\" size=\"40\" class=\"wpcf7-form-control wpcf7-text wpcf7-validates-as-required\" aria-required=\"true\" aria-invalid=\"false\" \/><\/span>\n<\/p>\n<p>Postnummer*<br \/>\n<span class=\"wpcf7-form-control-wrap postnummer\"><input type=\"text\" name=\"postnummer\" value=\"\" size=\"40\" class=\"wpcf7-form-control wpcf7-text wpcf7-validates-as-required\" aria-required=\"true\" aria-invalid=\"false\" \/><\/span>\n<\/p>\n<p>Ort*<br \/>\n<span class=\"wpcf7-form-control-wrap ort\"><input type=\"text\" name=\"ort\" value=\"\" size=\"40\" class=\"wpcf7-form-control wpcf7-text wpcf7-validates-as-required\" aria-required=\"true\" aria-invalid=\"false\" \/><\/span>\n<\/p>\n<p><strong>V\u00e5rdnadshavares namn <\/strong><br \/>\n<span class=\"wpcf7-form-control-wrap legal-guardian2\"><input type=\"text\" name=\"legal-guardian2\" value=\"\" size=\"40\" class=\"wpcf7-form-control wpcf7-text\" aria-invalid=\"false\" \/><\/span><br \/>\n<\/P><\/p>\n<p>Telefon<br \/>\n<span class=\"wpcf7-form-control-wrap phone2\"><input type=\"text\" name=\"phone2\" value=\"\" size=\"40\" class=\"wpcf7-form-control wpcf7-text\" aria-invalid=\"false\" \/><\/span>\n<\/p>\n<p>E-post (Obligatorisk) <br \/>\n    <span class=\"wpcf7-form-control-wrap your-email2\"><input type=\"email\" name=\"your-email2\" value=\"\" size=\"40\" class=\"wpcf7-form-control wpcf7-text wpcf7-email wpcf7-validates-as-email\" aria-invalid=\"false\" \/><\/span> <\/p>\n<p>Gata<br \/>\n<span class=\"wpcf7-form-control-wrap gata2\"><input type=\"text\" name=\"gata2\" value=\"\" size=\"40\" class=\"wpcf7-form-control wpcf7-text\" aria-invalid=\"false\" \/><\/span>\n<\/p>\n<p>Postnummer<br \/>\n<span class=\"wpcf7-form-control-wrap postnummer2\"><input type=\"text\" name=\"postnummer2\" value=\"\" size=\"40\" class=\"wpcf7-form-control wpcf7-text\" aria-invalid=\"false\" \/><\/span>\n<\/p>\n<p>Ort<br \/>\n<span class=\"wpcf7-form-control-wrap ort2\"><input type=\"text\" name=\"ort2\" value=\"\" size=\"40\" class=\"wpcf7-form-control wpcf7-text\" aria-invalid=\"false\" \/><\/span>\n<\/p>\n<p>Tid d\u00e5 ni \u00f6nskar plats p\u00e5 Solen*<br \/>\n<span class=\"wpcf7-form-control-wrap Tidpunktdninskarplats\"><input type=\"text\" name=\"Tidpunktdninskarplats\" value=\"\" size=\"40\" class=\"wpcf7-form-control wpcf7-text wpcf7-validates-as-required\" aria-required=\"true\" aria-invalid=\"false\" \/><\/span>\n<\/p>\n<p>Meddelande<br \/>\n<span class=\"wpcf7-form-control-wrap Message\"><textarea name=\"Message\" cols=\"40\" rows=\"10\" class=\"wpcf7-form-control wpcf7-textarea\" aria-invalid=\"false\"><\/textarea><\/span>\n<\/p>\n<p><span class=\"wpcf7-form-control-wrap your-consent\"><span class=\"wpcf7-form-control wpcf7-acceptance\"><span class=\"wpcf7-list-item\"><label><input type=\"checkbox\" name=\"your-consent\" value=\"1\" aria-invalid=\"false\" \/><span class=\"wpcf7-list-item-label\">Jag godk\u00e4nner att Solen sparar v\u00e5ra personuppgifter i syfte att behandla v\u00e5r ans\u00f6kan.<\/span><\/label><\/span><\/span><\/span> Jag godk\u00e4nner att Solen sparar v\u00e5ra personuppgifter i syfte att behandla v\u00e5r ans\u00f6kan.<\/p>\n<p><input type=\"submit\" value=\"Skicka\" class=\"wpcf7-form-control has-spinner wpcf7-submit\" \/><\/p>\n<div class=\"wpcf7-response-output\" aria-hidden=\"true\"><\/div><\/form><\/div>\n","protected":false},"excerpt":{"rendered":"","protected":false},"author":1,"featured_media":0,"parent":0,"menu_order":2,"comment_status":"closed","ping_status":"closed","template":"","meta":[],"_links":{"self":[{"href":"https:\/\/solen.org\/index.php\/wp-json\/wp\/v2\/pages\/9"}],"collection":[{"href":"https:\/\/solen.org\/index.php\/wp-json\/wp\/v2\/pages"}],"about":[{"href":"https:\/\/solen.org\/index.php\/wp-json\/wp\/v2\/types\/page"}],"author":[{"embeddable":true,"href":"https:\/\/solen.org\/index.php\/wp-json\/wp\/v2\/users\/1"}],"replies":[{"embeddable":true,"href":"https:\/\/solen.org\/index.php\/wp-json\/wp\/v2\/comments?post=9"}],"version-history":[{"count":5,"href":"https:\/\/solen.org\/index.php\/wp-json\/wp\/v2\/pages\/9\/revisions"}],"predecessor-version":[{"id":165,"href":"https:\/\/solen.org\/index.php\/wp-json\/wp\/v2\/pages\/9\/revisions\/165"}],"wp:attachment":[{"href":"https:\/\/solen.org\/index.php\/wp-json\/wp\/v2\/media?parent=9"}],"curies":[{"name":"wp","href":"https:\/\/api.w.org\/{rel}","templated":true}]}}