{"id":5,"date":"2015-11-03T13:54:32","date_gmt":"2015-11-03T12:54:32","guid":{"rendered":"http:\/\/toto.mkv.kau.se\/s\/wpgrupp01\/?page_id=5"},"modified":"2026-04-16T21:17:34","modified_gmt":"2026-04-16T19:17:34","slug":"startsida","status":"publish","type":"page","link":"https:\/\/solen.org\/","title":{"rendered":"Startsida"},"content":{"rendered":"\n<h2><span style=\"color: #008000;\">Med \u00e4ventyret runt knuten<\/span><\/h2>\n\n\n\n<p class=\"has-text-align-left\">Montessorif\u00f6rskolan Solen ligger i hj\u00e4rtat av stadsparken Mariebergsskogen. Vi \u00e4r ett litet f\u00f6r\u00e4ldrakooperativ som drivs av engagemang, gemenskap och en \u00f6nskan om att ge v\u00e5ra barn en s\u00e5 bra f\u00f6rskoletid som m\u00f6jligt. F\u00f6rskolan har h\u00f6g personalt\u00e4thet och lagom sm\u00e5 grupper. H\u00e4r jobbar kunniga och omsorgsfulla pedagoger med att m\u00f6ta varje barns individuella utveckling.<\/p>\n\n\n\n<p>Utanf\u00f6r d\u00f6rren har vi en lektr\u00e4dg\u00e5rd och runt knuten finns djur och natur. Vi som v\u00e4ljer att ha v\u00e5ra barn h\u00e4r tycker att det \u00e4r v\u00e4rt det, m\u00e5nga g\u00e5nger om!<\/p>\n\n\n\n<p>F\u00f6rskolan \u00e4r \u00f6ppen vardagar mellan 06:30 \u2013 18:30.<\/p>\n\n\n\n<p><a href=\"https:\/\/solen.org\/index.php\/forskolan\/\">Om f\u00f6rskolan<\/a><\/p>\n\n\n\n<p><a href=\"https:\/\/www.instagram.com\/montessoriforskolan.solen\/\">F\u00f6lj oss p\u00e5 Instagram<\/a><\/p>\n\n\n\n<p><a href=\"https:\/\/solen.org\/index.php\/q-a-varfor-foraldrakooperativ\/\">Q\/A Varf\u00f6r f\u00f6r\u00e4ldrakooperativ?<\/a><\/p>\n\n\n\n<p class=\"has-text-align-left\"><a href=\"http:\/\/solen.org\/index.php\/var-verksamhet\/\">Om f\u00f6r\u00e4ldraf\u00f6reningen<\/a><\/p>\n\n\n\n<p><a href=\"https:\/\/solen.org\/index.php\/intervju-med-familj\/\">Intervju med familj<\/a><\/p>\n\n\n\n<p><a href=\"http:\/\/solen.org\/index.php\/intresseanmalan\/\">G\u00f6r intresseanm\u00e4lan h\u00e4r<\/a><\/p>\n\n\n\n<p class=\"has-text-align-left\"><div id=\"metaslider-id-300\" style=\"max-width: 2600px;\" class=\"ml-slider-3-97-0 metaslider metaslider-nivo metaslider-300 ml-slider ms-theme-default\" role=\"region\" aria-roledescription=\"Slideshow\" aria-label=\"New Slider\" data-width=\"2600\">\n    <div id=\"metaslider_container_300\">\n        <div class='slider-wrapper theme-default'><div class='ribbon'><\/div><div id='metaslider_300' class='nivoSlider'><img src=\"https:\/\/solen.org\/wp-content\/uploads\/2025\/01\/Namnlos-design-3.png\" height=\"700\" width=\"2600\" alt=\"\" class=\"slider-300 slide-301\" \/><\/div><\/div>\n        \n    <\/div>\n<\/div>&nbsp; &nbsp; &nbsp; &nbsp; &nbsp; &nbsp; &nbsp; &nbsp; &nbsp; &nbsp; &nbsp; &nbsp; &nbsp; &nbsp; &nbsp; &nbsp; &nbsp; &nbsp; &nbsp; &nbsp; &nbsp; &nbsp; &nbsp; &nbsp; &nbsp; &nbsp; &nbsp; &nbsp; &nbsp; &nbsp; &nbsp; &nbsp; &nbsp; &nbsp; &nbsp; &nbsp; &nbsp; &nbsp; &nbsp; &nbsp; &nbsp; &nbsp; &nbsp; &nbsp; &nbsp; &nbsp; &nbsp; &nbsp; &nbsp; &nbsp; &nbsp; &nbsp; &nbsp; &nbsp; &nbsp; &nbsp; &nbsp; &nbsp; &nbsp; &nbsp; &nbsp; &nbsp; &nbsp; &nbsp; &nbsp; &nbsp; &nbsp; &nbsp; &nbsp; &nbsp; &nbsp; &nbsp; &nbsp; &nbsp; &nbsp; &nbsp; &nbsp; &nbsp; &nbsp; &nbsp; &nbsp; &nbsp; &nbsp; &nbsp; &nbsp; &nbsp; &nbsp; &nbsp; &nbsp; &nbsp; &nbsp; &nbsp; &nbsp; &nbsp; &nbsp; &nbsp; &nbsp; &nbsp; &nbsp; &nbsp; &nbsp; &nbsp; &nbsp; &nbsp; &nbsp; &nbsp; &nbsp; &nbsp; &nbsp; &nbsp; &nbsp; &nbsp; &nbsp; &nbsp; &nbsp; &nbsp; &nbsp; &nbsp; &nbsp; &nbsp; &nbsp; &nbsp; &nbsp; &nbsp; &nbsp; &nbsp; &nbsp;<a href=\"http:\/\/toto.mkv.kau.se\/s\/wpgrupp01\/wp-content\/uploads\/2015\/11\/solidarity.png\"><br><\/a><\/p>\n\n\n\n<p><\/p>\n","protected":false},"excerpt":{"rendered":"<p>Med \u00e4ventyret runt knuten Montessorif\u00f6rskolan Solen ligger i hj\u00e4rtat av stadsparken Mariebergsskogen. Vi \u00e4r ett litet f\u00f6r\u00e4ldrakooperativ som drivs av engagemang, gemenskap och en \u00f6nskan om att ge v\u00e5ra barn en s\u00e5 bra f\u00f6rskoletid som m\u00f6jligt. F\u00f6rskolan har h\u00f6g personalt\u00e4thet och lagom sm\u00e5 grupper. H\u00e4r jobbar kunniga och omsorgsfulla pedagoger med att m\u00f6ta varje barns [&hellip;]<\/p>\n","protected":false},"author":1,"featured_media":0,"parent":0,"menu_order":0,"comment_status":"closed","ping_status":"closed","template":"","meta":[],"_links":{"self":[{"href":"https:\/\/solen.org\/index.php\/wp-json\/wp\/v2\/pages\/5"}],"collection":[{"href":"https:\/\/solen.org\/index.php\/wp-json\/wp\/v2\/pages"}],"about":[{"href":"https:\/\/solen.org\/index.php\/wp-json\/wp\/v2\/types\/page"}],"author":[{"embeddable":true,"href":"https:\/\/solen.org\/index.php\/wp-json\/wp\/v2\/users\/1"}],"replies":[{"embeddable":true,"href":"https:\/\/solen.org\/index.php\/wp-json\/wp\/v2\/comments?post=5"}],"version-history":[{"count":56,"href":"https:\/\/solen.org\/index.php\/wp-json\/wp\/v2\/pages\/5\/revisions"}],"predecessor-version":[{"id":357,"href":"https:\/\/solen.org\/index.php\/wp-json\/wp\/v2\/pages\/5\/revisions\/357"}],"wp:attachment":[{"href":"https:\/\/solen.org\/index.php\/wp-json\/wp\/v2\/media?parent=5"}],"curies":[{"name":"wp","href":"https:\/\/api.w.org\/{rel}","templated":true}]}}