{"id":281,"date":"2025-01-13T18:50:49","date_gmt":"2025-01-13T17:50:49","guid":{"rendered":"https:\/\/solen.org\/?page_id=281"},"modified":"2025-01-13T21:45:09","modified_gmt":"2025-01-13T20:45:09","slug":"forskolan","status":"publish","type":"page","link":"https:\/\/solen.org\/index.php\/forskolan\/","title":{"rendered":"Om f\u00f6rskolan"},"content":{"rendered":"\n<p><br><strong>Montessoripedagogiken<\/strong><\/p>\n\n\n\n<p>P\u00e5 f\u00f6rskolan Solen arbetar vi efter Montessoripedagogiken samt L\u00e4roplan f\u00f6r f\u00f6rskolan (Lpf\u00f6 18). <\/p>\n\n\n\n<p>N\u00e4r Du kommer in hos oss p\u00e5 Solen m\u00f6ts du av en v\u00e4l f\u00f6rberedd och inspirerande milj\u00f6 allt enligt Maria Montessoris och v\u00e5r tanke kring barnens r\u00e4tt till utbildning, utveckling, trygghet och gl\u00e4dje. <\/p>\n\n\n\n<p>Grunden i pedagogiken \u00e4r Barnet i centrum och Hj\u00e4lp mig att hj\u00e4lpa mig sj\u00e4lv, detta ser man tydligt i Solens verksamhet d\u00e4r barnen sj\u00e4lva v\u00e4ljer aktivitet efter intresse och v\u00e4gledning av pedagogerna. <\/p>\n\n\n\n<p>\u00c4ldre barn kan hj\u00e4lpa de yngre, vilket st\u00e4rker deras kunskaper, samarbetsf\u00f6rm\u00e5gor, empati och sociala f\u00e4rdigheter. Hos oss kan man vara med och uppleva barn som \u00f6var p\u00e5 bokst\u00e4ver och sedan kn\u00e4cker l\u00e4skoden, r\u00e4knar addition, subtraktion eller \u00f6var pincettgrepp i roliga \u00f6vningar. <\/p>\n\n\n\n<p>Det \u00e4r en st\u00e4ndig aktivitet som p\u00e5g\u00e5r i v\u00e5ra olika l\u00e4rmilj\u00f6er. Barn har en stark vilja att uppt\u00e4cka, prova p\u00e5 och l\u00e4ra sig om sig sj\u00e4lva och sin omv\u00e4rld. <\/p>\n\n\n\n<p>V\u00e5r f\u00f6rskola ligger vackert bel\u00e4gen i Mariebergsskogen, en h\u00e4rlig park med tillg\u00e5ng till skog, djur och h\u00e4rliga ytor f\u00f6r lek och r\u00f6relse. <\/p>\n\n\n\n<p>Vi har en fantastisk och unik m\u00f6jlighet att ut\u00f6va montessoripedagogiken b\u00e5de inom och utomhus, vi g\u00e5r ut p\u00e5 expeditioner, forskar, l\u00e4r oss om djuren, tr\u00e4den och naturen.<\/p>\n\n\n\n<p><\/p>\n\n\n\n<p><strong>Maten<\/strong><\/p>\n\n\n\n<p>All mat lagas fr\u00e5n grunden av v\u00e5r certifierade kock. V\u00e5r ambition \u00e4r att erbjuda h\u00f6gsta m\u00f6jliga kvalitet, med fokus p\u00e5 h\u00e5llbara och ekologiska livsmedel som v\u00e4rnar om b\u00e5de barnens h\u00e4lsa och v\u00e5r planet. <\/p>\n\n\n\n<p>Under veckan serveras en varierad meny och vi str\u00e4var efter att tillgodose alla n\u00e4ringsbehov och ge barnen smakrika och balanserade m\u00e5ltider. P\u00e5 barnens f\u00f6delsedagar firar vi genom att servera deras favoritr\u00e4tter, vilket alltid \u00e4r mycket uppskattat.<br><\/p>\n\n\n\n<p><strong>Personalen<\/strong><\/p>\n\n\n\n<p>Therese: Anst\u00e4lld januari 2005, rektor, skolchef, f\u00f6rskoll\u00e4rare<br>Sandra:  Anst\u00e4lld januari 2020, kock, lokalv\u00e5rdare, resurs i barngrupp<br>Veronica:  Anst\u00e4lld november 1992, montessoril\u00e4rare<br>Mia:  Anst\u00e4lld augusti 2004, barnsk\u00f6tare, montessoriassistent<br>Ulrika:  Anst\u00e4lld augusti 2008, f\u00f6rskoll\u00e4rare, montessoril\u00e4rare<br>Madeleine:  Anst\u00e4lld augusti 2005, barnsk\u00f6tare, montessoriassistent<br>Emelie:  Anst\u00e4lld januari 2023, barnsk\u00f6tare, resurspedagog<br>Isabella:  Anst\u00e4lld juni 2024, f\u00f6rskoll\u00e4rare<\/p>\n\n\n\n<p><\/p>\n\n\n\n<p><strong>Intresseanm\u00e4lan<\/strong><\/p>\n\n\n\n<p>Solen har en egen k\u00f6lista. <a href=\"https:\/\/solen.org\/index.php\/intresseanmalan\/\">Anm\u00e4l g\u00e4rna ditt intresse via l\u00e4nken h\u00e4r<\/a>, s\u00e5 h\u00f6r vi av oss tillbaka till er s\u00e5 fort vi kan. <\/p>\n\n\n\n<div class=\"wp-block-image\"><figure class=\"aligncenter size-full\"><a href=\"https:\/\/solen.org\/wp-content\/uploads\/2025\/01\/IMG_3853.jpg\"><img loading=\"lazy\" width=\"592\" height=\"640\" src=\"https:\/\/solen.org\/wp-content\/uploads\/2025\/01\/IMG_3853.jpg\" alt=\"\" class=\"wp-image-307\" srcset=\"https:\/\/solen.org\/wp-content\/uploads\/2025\/01\/IMG_3853.jpg 592w, https:\/\/solen.org\/wp-content\/uploads\/2025\/01\/IMG_3853-278x300.jpg 278w\" sizes=\"(max-width: 592px) 100vw, 592px\" \/><\/a><\/figure><\/div>\n","protected":false},"excerpt":{"rendered":"<p>Montessoripedagogiken P\u00e5 f\u00f6rskolan Solen arbetar vi efter Montessoripedagogiken samt L\u00e4roplan f\u00f6r f\u00f6rskolan (Lpf\u00f6 18). N\u00e4r Du kommer in hos oss p\u00e5 Solen m\u00f6ts du av en v\u00e4l f\u00f6rberedd och inspirerande milj\u00f6 allt enligt Maria Montessoris och v\u00e5r tanke kring barnens r\u00e4tt till utbildning, utveckling, trygghet och gl\u00e4dje. Grunden i pedagogiken \u00e4r Barnet i centrum och [&hellip;]<\/p>\n","protected":false},"author":1,"featured_media":0,"parent":0,"menu_order":0,"comment_status":"closed","ping_status":"closed","template":"","meta":[],"_links":{"self":[{"href":"https:\/\/solen.org\/index.php\/wp-json\/wp\/v2\/pages\/281"}],"collection":[{"href":"https:\/\/solen.org\/index.php\/wp-json\/wp\/v2\/pages"}],"about":[{"href":"https:\/\/solen.org\/index.php\/wp-json\/wp\/v2\/types\/page"}],"author":[{"embeddable":true,"href":"https:\/\/solen.org\/index.php\/wp-json\/wp\/v2\/users\/1"}],"replies":[{"embeddable":true,"href":"https:\/\/solen.org\/index.php\/wp-json\/wp\/v2\/comments?post=281"}],"version-history":[{"count":8,"href":"https:\/\/solen.org\/index.php\/wp-json\/wp\/v2\/pages\/281\/revisions"}],"predecessor-version":[{"id":322,"href":"https:\/\/solen.org\/index.php\/wp-json\/wp\/v2\/pages\/281\/revisions\/322"}],"wp:attachment":[{"href":"https:\/\/solen.org\/index.php\/wp-json\/wp\/v2\/media?parent=281"}],"curies":[{"name":"wp","href":"https:\/\/api.w.org\/{rel}","templated":true}]}}