{"id":262,"date":"2025-01-13T18:27:05","date_gmt":"2025-01-13T17:27:05","guid":{"rendered":"https:\/\/solen.org\/?page_id=262"},"modified":"2025-01-14T15:33:19","modified_gmt":"2025-01-14T14:33:19","slug":"intervju-med-familj","status":"publish","type":"page","link":"https:\/\/solen.org\/index.php\/intervju-med-familj\/","title":{"rendered":"Intervju med familj"},"content":{"rendered":"\n<p>.<\/p>\n\n\n\n<div class=\"wp-block-group\"><div class=\"wp-block-group__inner-container\">\n<h2 class=\"has-text-align-left has-large-font-size\"><span style=\"color:#008000\" class=\"has-inline-color\">Intervju med en av familjerna p\u00e5 Solen <\/span><\/h2>\n\n\n\n<h2><strong>Barnfr\u00e5gor<\/strong><\/h2>\n\n\n\n<p><br><strong>Hur trivs du p\u00e5 Solen?<\/strong><br>\u2013 Bra, Alla tycker j\u00e4ttebra om Solen.<\/p>\n\n\n\n<p><br><strong>Vad \u00e4r det b\u00e4sta med solen?<\/strong><br>\u2013 Tv\u00e5 tummar upp! \u00d6va p\u00e5 siffror och rita. Leka i maskeradrummet. Det finns m\u00e5nga v\u00e4nner d\u00e4r och vi leker med varandra. Man f\u00e5r nya kompisar och man f\u00e5r leka med gamla kompisar. Att bygga med klossar. Rita, pussla, att g\u00f6mma sig, kurrag\u00f6mma.<\/p>\n\n\n\n<p><br><strong>Vad \u00e4r det s\u00e4msta med Solen?<\/strong><br>\u2013 Inget. Om man inte har n\u00e5gon att leka med. Att g\u00e5 hem.<\/p>\n\n\n\n<p><br><strong>Hur \u00e4r maten?<\/strong><br>\u2013 Gott, ibland stark, ibland j\u00e4ttegott. B\u00e4ttre \u00e4n hemma!<\/p>\n\n\n\n<p><br><strong>Vad g\u00f6r ni n\u00e4r ni \u00e4r ute p\u00e5 Solen?<\/strong><br>\u2013 Leker i sandl\u00e5dan, letar sm\u00e5kryp, leker med de vilda djuren. Kurrag\u00f6mma, f\u00e5r och varg och giftbanan. Leka tjuv och polis. Leker i skogen. Planterar. G\u00e5r promenad.<\/p>\n\n\n\n<p><br><strong>Vad g\u00f6r ni n\u00e4r ni \u00e4r inne?<\/strong><br>\u2013 Rita, pyssla, g\u00f6mma sig. \u00d6va p\u00e5 siffror och rita.<\/p>\n\n\n\n<p><br><\/p>\n\n\n\n<h2><strong>F\u00f6r\u00e4ldrafr\u00e5gor<\/strong><\/h2>\n\n\n\n<p><br><strong>Varf\u00f6r valde ni Solen som f\u00f6rskola?<\/strong><br>\u2013 Vi funderade p\u00e5 om personalen p\u00e5 en kommunal f\u00f6rskola verkligen skulle ha m\u00f6jlighet att se v\u00e5r d\u00e5 blyga och f\u00f6rsiktiga ett\u00e5ring n\u00e4r barngrupperna \u00e4r s\u00e5 stora. Dessutom var vi nya i stan och lockades av det sociala med Solen.<\/p>\n\n\n\n<p><br><strong>Blev det som ni t\u00e4nkt?<\/strong><br>\u2013 Verkligen! Vi stormtrivs, b\u00e5de med f\u00f6rskolan i sig som har ett fantastiskt l\u00e4ge, personalen och de andra familjerna. Vi v\u00e5gar nog s\u00e4ga att vi har f\u00e5tt v\u00e4nner f\u00f6r livet h\u00e4r.<\/p>\n\n\n\n<p><br><strong>Skulle ni valt det igen?<\/strong><br>\u2013 Absolut! Trots att vi nu flyttat l\u00e4ngre bort har vi valt att forts\u00e4tta p\u00e5 Solen \u00e4ven f\u00f6r sm\u00e5syskonen.<br>Hur mycket tid tar det f\u00f6r er att Solen \u00e4r ett f\u00f6r\u00e4ldrarkooperativ? Det g\u00e5r i perioder. Ibland g\u00f6r vi n\u00e5got varje vecka, ibland g\u00e5r det en m\u00e5nad emellan. En hel del av arbetet \u00e4r flexibelt, s\u00e5 man kan g\u00f6ra det n\u00e4r det passar en sj\u00e4lv. Det \u00e4r klart att det inte alltid \u00e4r kul att t ex st\u00e4da, men arbetet vi l\u00e4gger ner ger verkligen en stor inblick och delaktighet i f\u00f6rskolan.<\/p>\n\n\n\n<p><br><strong>Trivs ni och ert barn p\u00e5 Solen?<\/strong><br>\u2013 Vi trivs j\u00e4ttebra. Under ledigheter pratar barnen alltid om Solen och l\u00e4ngtar dit.<\/p>\n\n\n\n<p><br><strong>Vad tycker ni om pedagogerna?<\/strong><br>\u2013 Vi k\u00e4nner oss v\u00e4ldigt trygga med personalen. Vi har aldrig beh\u00f6vt l\u00e4mna v\u00e5rt barn till en ok\u00e4nd vikarie<br>(n\u00e5got vi f\u00f6rst\u00e5tt kan vara verklighet p\u00e5 en kommunal f\u00f6rskola). Personalen har verkligen l\u00e4rt k\u00e4nna v\u00e5ra barn och hj\u00e4lpt dem i sin individuella utveckling.<\/p>\n<\/div><\/div>\n","protected":false},"excerpt":{"rendered":"<p>. Intervju med en av familjerna p\u00e5 Solen Barnfr\u00e5gor Hur trivs du p\u00e5 Solen?\u2013 Bra, Alla tycker j\u00e4ttebra om Solen. Vad \u00e4r det b\u00e4sta med solen?\u2013 Tv\u00e5 tummar upp! \u00d6va p\u00e5 siffror och rita. Leka i maskeradrummet. Det finns m\u00e5nga v\u00e4nner d\u00e4r och vi leker med varandra. Man f\u00e5r nya kompisar och man f\u00e5r leka [&hellip;]<\/p>\n","protected":false},"author":1,"featured_media":0,"parent":0,"menu_order":0,"comment_status":"closed","ping_status":"closed","template":"","meta":[],"_links":{"self":[{"href":"https:\/\/solen.org\/index.php\/wp-json\/wp\/v2\/pages\/262"}],"collection":[{"href":"https:\/\/solen.org\/index.php\/wp-json\/wp\/v2\/pages"}],"about":[{"href":"https:\/\/solen.org\/index.php\/wp-json\/wp\/v2\/types\/page"}],"author":[{"embeddable":true,"href":"https:\/\/solen.org\/index.php\/wp-json\/wp\/v2\/users\/1"}],"replies":[{"embeddable":true,"href":"https:\/\/solen.org\/index.php\/wp-json\/wp\/v2\/comments?post=262"}],"version-history":[{"count":19,"href":"https:\/\/solen.org\/index.php\/wp-json\/wp\/v2\/pages\/262\/revisions"}],"predecessor-version":[{"id":331,"href":"https:\/\/solen.org\/index.php\/wp-json\/wp\/v2\/pages\/262\/revisions\/331"}],"wp:attachment":[{"href":"https:\/\/solen.org\/index.php\/wp-json\/wp\/v2\/media?parent=262"}],"curies":[{"name":"wp","href":"https:\/\/api.w.org\/{rel}","templated":true}]}}